{"id":1248,"date":"2024-11-26T11:48:46","date_gmt":"2024-11-26T16:48:46","guid":{"rendered":"https:\/\/www.oliviabosbeauteartistique.ca\/?page_id=1248"},"modified":"2025-12-19T12:04:06","modified_gmt":"2025-12-19T17:04:06","slug":"about-me","status":"publish","type":"page","link":"https:\/\/oliviabosbeauteartistique.ca\/fr\/about-me\/","title":{"rendered":"About me as makeup artist"},"content":{"rendered":"<div class=\"wp-block-uagb-container uagb-block-c9a9f239 alignfull uagb-is-root-container\"><div class=\"uagb-container-inner-blocks-wrap\">\n<div class=\"wp-block-uagb-container uagb-block-e4a5cd79 default uagb-is-root-container\">\n<div class=\"wp-block-uagb-container uagb-block-16145567\">\n<div class=\"wp-block-uagb-image alignleft uagb-block-92714705 wp-block-uagb-image--layout-default wp-block-uagb-image--effect-zoomin wp-block-uagb-image--align-left\"><figure class=\"wp-block-uagb-image__figure\"><img decoding=\"async\" srcset=\"https:\/\/www.oliviabosbeauteartistique.ca\/wp-content\/uploads\/JJ-480x600.jpg ,https:\/\/www.oliviabosbeauteartistique.ca\/wp-content\/uploads\/JJ-scaled-e1759168264703.jpg 780w, https:\/\/www.oliviabosbeauteartistique.ca\/wp-content\/uploads\/JJ-scaled-e1759168264703.jpg 360w\" sizes=\"auto, (max-width: 480px) 150px\" src=\"https:\/\/www.oliviabosbeauteartistique.ca\/wp-content\/uploads\/JJ-480x600.jpg\" alt=\"\" class=\"uag-image-1606\" width=\"469\" height=\"600\" title=\"\" loading=\"lazy\" role=\"presentation\"\/><\/figure><\/div>\n<\/div>\n\n\n\n<div class=\"wp-block-uagb-container uagb-block-f094cf50\">\n<div class=\"wp-block-uagb-advanced-heading uagb-block-1037b85d\"><h1 class=\"uagb-heading-text\">Olivia Bos<\/h1><div class=\"uagb-separator\"><\/div><\/div>\n\n\n\n<p class=\"has-text-align-center has-medium-font-size\">&nbsp;\u00ab Une artiste qui choisit le maquillage comme m\u00e9dium \u00bb<br><\/p>\n<\/div>\n<\/div>\n\n\n\n<div class=\"wp-block-columns is-layout-flex wp-container-core-columns-is-layout-28f84493 wp-block-columns-is-layout-flex\">\n<div class=\"wp-block-column is-layout-flow wp-block-column-is-layout-flow\">\n<p style=\"margin-top:var(--wp--preset--spacing--60);margin-right:8%;margin-left:8%\">Permettez-moi de me pr\u00e9senter : je m\u2019appelle Olivia et je suis n\u00e9e  \u00e0 London, Ontario. Quand j\u2019\u00e9tais jeune, j\u2019adorais peindre et me d\u00e9guiser. C'est quand une maquilleuse m'a maquill\u00e9e pour le graduation de 8e ann\u00e9e que j\u2019ai r\u00e9alis\u00e9 pour la premi\u00e8re fois que je pourrais faire carri\u00e8re dans l\u2019art. Heureusement, mon \u00e9cole secondaire proposait un excellent programme d\u2019art avec une professeure formidable. C\u2019est elle qui m\u2019a transmis sa passion pour l\u2019art. Aujourd\u2019hui encore, je m\u2019inspire de ses exercices et des grands ma\u00eetres des beaux-arts qu\u2019elle m\u2019a fait d\u00e9couvrir.<\/p>\n\n\n\n<div data-aos= \"fade\" data-aos-duration=\"400\" data-aos-delay=\"0\" data-aos-easing=\"ease\" data-aos-once=\"true\" class=\"wp-block-uagb-image alignright uagb-block-0f038327 wp-block-uagb-image--layout-default wp-block-uagb-image--effect-zoomin wp-block-uagb-image--align-right iiMax50Percent iiBoxShadowed\"><figure class=\"wp-block-uagb-image__figure\"><img decoding=\"async\" srcset=\"https:\/\/www.oliviabosbeauteartistique.ca\/wp-content\/uploads\/Q-377x600.jpg ,https:\/\/www.oliviabosbeauteartistique.ca\/wp-content\/uploads\/Q.jpg 780w, https:\/\/www.oliviabosbeauteartistique.ca\/wp-content\/uploads\/Q.jpg 360w\" sizes=\"auto, (max-width: 480px) 150px\" src=\"https:\/\/www.oliviabosbeauteartistique.ca\/wp-content\/uploads\/Q-377x600.jpg\" alt=\"\" class=\"uag-image-128\" width=\"231\" height=\"368\" title=\"\" loading=\"lazy\" role=\"presentation\"\/><\/figure><\/div>\n\n\n\n<p style=\"margin-top:var(--wp--preset--spacing--60);margin-right:8%;margin-left:8%\">\u00c0 18 ans, j'ai eu la chance d'avoir des parents qui soutenaient ma carri\u00e8re artistique et m'ont permis d'\u00e9tudier le maquillage beaut\u00e9 et effets sp\u00e9ciaux au Coll\u00e8ge LaSalle \u00e0 Montr\u00e9al. J'y ai \u00e9tudi\u00e9 aupr\u00e8s de mentors talentueux qui manifestaient un v\u00e9ritable int\u00e9r\u00eat pour mon travail. J'ai tout de suite su que j'\u00e9tais au bon endroit. La vie a pris un tournant inattendu et j'ai d\u00fb retourner dans ma ville natale en 2023, un mois apr\u00e8s l'obtention de mon dipl\u00f4me. J'ai pass\u00e9 les trois ann\u00e9es suivantes \u00e0 Londres \u00e0 perfectionner mes comp\u00e9tences techniques, \u00e0 int\u00e9grer des agences locales de maquillage de mariage et de cin\u00e9ma, et \u00e0 apprendre les rouages \u200b\u200bde ce secteur, avec pour objectif de ramener mon entreprise \u00e0 Montr\u00e9al.<\/p>\n\n\n\n<p style=\"margin-top:var(--wp--preset--spacing--60);margin-right:8%;margin-left:8%\">Je suis tellement heureuse d'\u00eatre de retour \u00e0 Montr\u00e9al et de travailler \u00e0 temps plein comme artiste. Je suis combl\u00e9e de joie et certaine d'avoir fait le bon choix de vie ; j'adore mon travail. Extravertie et sensible, j'aime partager vos moments pr\u00e9cieux. J'aime l'adr\u00e9naline d'un matin de mariage et l'effervescence d'un plateau de tournage. Je me consid\u00e8re chanceuse de travailler dans un domaine qui me permet de voyager et de rendre visite \u00e0 ma famille et \u00e0 mes amis entre deux contrats. Le meilleur aspect de mon travail (outre la cr\u00e9ation artistique) est sans doute toutes les rencontres que je fais.<\/p>\n\n\n\n<p style=\"margin-top:var(--wp--preset--spacing--60);margin-right:8%;margin-left:8%\"><br>J\u2019ai h\u00e2te de vous rencontrer !<\/p>\n<\/div>\n<\/div>\n<\/div><\/div>","protected":false},"excerpt":{"rendered":"<p>Olivia Bos &nbsp;\u201cAn artist, who chooses makeup as a medium\u201d Allow me to introduce myself, my name is Olivia and [&hellip;]<\/p>\n","protected":false},"author":2,"featured_media":0,"parent":0,"menu_order":0,"comment_status":"closed","ping_status":"closed","template":"","meta":{"_uag_custom_page_level_css":"","site-sidebar-layout":"default","site-content-layout":"","ast-site-content-layout":"","site-content-style":"default","site-sidebar-style":"default","ast-global-header-display":"","ast-banner-title-visibility":"","ast-main-header-display":"","ast-hfb-above-header-display":"","ast-hfb-below-header-display":"","ast-hfb-mobile-header-display":"","site-post-title":"disabled","ast-breadcrumbs-content":"","ast-featured-img":"","footer-sml-layout":"","theme-transparent-header-meta":"","adv-header-id-meta":"","stick-header-meta":"","header-above-stick-meta":"","header-main-stick-meta":"","header-below-stick-meta":"","astra-migrate-meta-layouts":"default","ast-page-background-enabled":"default","ast-page-background-meta":{"desktop":{"background-color":"var(--ast-global-color-4)","background-image":"","background-repeat":"repeat","background-position":"center center","background-size":"auto","background-attachment":"scroll","background-type":"","background-media":"","overlay-type":"","overlay-color":"","overlay-opacity":"","overlay-gradient":""},"tablet":{"background-color":"","background-image":"","background-repeat":"repeat","background-position":"center center","background-size":"auto","background-attachment":"scroll","background-type":"","background-media":"","overlay-type":"","overlay-color":"","overlay-opacity":"","overlay-gradient":""},"mobile":{"background-color":"","background-image":"","background-repeat":"repeat","background-position":"center center","background-size":"auto","background-attachment":"scroll","background-type":"","background-media":"","overlay-type":"","overlay-color":"","overlay-opacity":"","overlay-gradient":""}},"ast-content-background-meta":{"desktop":{"background-color":"var(--ast-global-color-5)","background-image":"","background-repeat":"repeat","background-position":"center center","background-size":"auto","background-attachment":"scroll","background-type":"","background-media":"","overlay-type":"","overlay-color":"","overlay-opacity":"","overlay-gradient":""},"tablet":{"background-color":"var(--ast-global-color-5)","background-image":"","background-repeat":"repeat","background-position":"center center","background-size":"auto","background-attachment":"scroll","background-type":"","background-media":"","overlay-type":"","overlay-color":"","overlay-opacity":"","overlay-gradient":""},"mobile":{"background-color":"var(--ast-global-color-5)","background-image":"","background-repeat":"repeat","background-position":"center center","background-size":"auto","background-attachment":"scroll","background-type":"","background-media":"","overlay-type":"","overlay-color":"","overlay-opacity":"","overlay-gradient":""}},"footnotes":""},"class_list":["post-1248","page","type-page","status-publish","hentry"],"uagb_featured_image_src":{"full":false,"thumbnail":false,"medium":false,"medium_large":false,"large":false,"1536x1536":false,"2048x2048":false,"trp-custom-language-flag":false},"uagb_author_info":{"display_name":"irving","author_link":"https:\/\/oliviabosbeauteartistique.ca\/fr\/author\/irving\/"},"uagb_comment_info":0,"uagb_excerpt":"Olivia Bos &nbsp;\u201cAn artist, who chooses makeup as a medium\u201d Allow me to introduce myself, my name is Olivia and [&hellip;]","_links":{"self":[{"href":"https:\/\/oliviabosbeauteartistique.ca\/fr\/wp-json\/wp\/v2\/pages\/1248","targetHints":{"allow":["GET"]}}],"collection":[{"href":"https:\/\/oliviabosbeauteartistique.ca\/fr\/wp-json\/wp\/v2\/pages"}],"about":[{"href":"https:\/\/oliviabosbeauteartistique.ca\/fr\/wp-json\/wp\/v2\/types\/page"}],"author":[{"embeddable":true,"href":"https:\/\/oliviabosbeauteartistique.ca\/fr\/wp-json\/wp\/v2\/users\/2"}],"replies":[{"embeddable":true,"href":"https:\/\/oliviabosbeauteartistique.ca\/fr\/wp-json\/wp\/v2\/comments?post=1248"}],"version-history":[{"count":9,"href":"https:\/\/oliviabosbeauteartistique.ca\/fr\/wp-json\/wp\/v2\/pages\/1248\/revisions"}],"predecessor-version":[{"id":2316,"href":"https:\/\/oliviabosbeauteartistique.ca\/fr\/wp-json\/wp\/v2\/pages\/1248\/revisions\/2316"}],"wp:attachment":[{"href":"https:\/\/oliviabosbeauteartistique.ca\/fr\/wp-json\/wp\/v2\/media?parent=1248"}],"curies":[{"name":"wp","href":"https:\/\/api.w.org\/{rel}","templated":true}]}}